{"id":414,"date":"2022-03-31T11:34:29","date_gmt":"2022-03-31T11:34:29","guid":{"rendered":"https:\/\/orientationcarrefour.ma\/?page_id=414"},"modified":"2024-06-03T17:26:47","modified_gmt":"2024-06-03T17:26:47","slug":"mot-du-directeur","status":"publish","type":"page","link":"https:\/\/orientationcarrefour.ma\/?page_id=414","title":{"rendered":"Mot du directeur"},"content":{"rendered":"\t\t<div data-elementor-type=\"wp-page\" data-elementor-id=\"414\" class=\"elementor elementor-414\">\n\t\t\t\t\t\t<section class=\"elementor-section elementor-top-section elementor-element elementor-element-635a711b elementor-section-content-middle elementor-section-boxed elementor-section-height-default elementor-section-height-default\" data-id=\"635a711b\" data-element_type=\"section\" data-e-type=\"section\" data-settings=\"{&quot;background_background&quot;:&quot;classic&quot;}\">\n\t\t\t\t\t\t<div class=\"elementor-container elementor-column-gap-default\">\n\t\t\t\t\t<div class=\"elementor-column elementor-col-50 elementor-top-column elementor-element elementor-element-53fd88be\" data-id=\"53fd88be\" data-element_type=\"column\" data-e-type=\"column\">\n\t\t\t<div class=\"elementor-widget-wrap elementor-element-populated\">\n\t\t\t\t\t\t<div class=\"elementor-element elementor-element-12453d2 elementor-widget elementor-widget-image\" data-id=\"12453d2\" data-element_type=\"widget\" data-e-type=\"widget\" data-widget_type=\"image.default\">\n\t\t\t\t<div class=\"elementor-widget-container\">\n\t\t\t\t\t\t\t\t\t\t\t\t\t\t\t<img fetchpriority=\"high\" decoding=\"async\" width=\"241\" height=\"300\" src=\"https:\/\/orientationcarrefour.ma\/wp-content\/uploads\/2022\/03\/Faiq-2-2-241x300.jpg\" class=\"attachment-medium size-medium wp-image-460\" alt=\"\" srcset=\"https:\/\/orientationcarrefour.ma\/wp-content\/uploads\/2022\/03\/Faiq-2-2-241x300.jpg 241w, https:\/\/orientationcarrefour.ma\/wp-content\/uploads\/2022\/03\/Faiq-2-2-823x1024.jpg 823w, https:\/\/orientationcarrefour.ma\/wp-content\/uploads\/2022\/03\/Faiq-2-2-768x955.jpg 768w, https:\/\/orientationcarrefour.ma\/wp-content\/uploads\/2022\/03\/Faiq-2-2.jpg 1000w\" sizes=\"(max-width: 241px) 100vw, 241px\" \/>\t\t\t\t\t\t\t\t\t\t\t\t\t\t\t<\/div>\n\t\t\t\t<\/div>\n\t\t\t\t<div class=\"elementor-element elementor-element-4fd9377 elementor-widget elementor-widget-heading\" data-id=\"4fd9377\" data-element_type=\"widget\" data-e-type=\"widget\" data-widget_type=\"heading.default\">\n\t\t\t\t<div class=\"elementor-widget-container\">\n\t\t\t\t\t<h2 class=\"elementor-heading-title elementor-size-default\">Mustapha FAIQ\u200b<\/h2>\t\t\t\t<\/div>\n\t\t\t\t<\/div>\n\t\t\t\t<div class=\"elementor-element elementor-element-89c9f47 elementor-widget elementor-widget-heading\" data-id=\"89c9f47\" data-element_type=\"widget\" data-e-type=\"widget\" data-widget_type=\"heading.default\">\n\t\t\t\t<div class=\"elementor-widget-container\">\n\t\t\t\t\t<h2 class=\"elementor-heading-title elementor-size-default\">Directeur G\u00e9n\u00e9ral<\/h2>\t\t\t\t<\/div>\n\t\t\t\t<\/div>\n\t\t\t\t\t<\/div>\n\t\t<\/div>\n\t\t\t\t<div class=\"elementor-column elementor-col-50 elementor-top-column elementor-element elementor-element-21d40bc6\" data-id=\"21d40bc6\" data-element_type=\"column\" data-e-type=\"column\">\n\t\t\t<div class=\"elementor-widget-wrap elementor-element-populated\">\n\t\t\t\t\t\t<div class=\"elementor-element elementor-element-6bf7cddd elementor-view-default elementor-widget elementor-widget-icon\" data-id=\"6bf7cddd\" data-element_type=\"widget\" data-e-type=\"widget\" data-widget_type=\"icon.default\">\n\t\t\t\t<div class=\"elementor-widget-container\">\n\t\t\t\t\t\t\t<div class=\"elementor-icon-wrapper\">\n\t\t\t<div class=\"elementor-icon\">\n\t\t\t<i aria-hidden=\"true\" class=\"fas fa-quote-left\"><\/i>\t\t\t<\/div>\n\t\t<\/div>\n\t\t\t\t\t\t<\/div>\n\t\t\t\t<\/div>\n\t\t\t\t<div class=\"elementor-element elementor-element-cdaf838 elementor-invisible elementor-widget elementor-widget-text-editor\" data-id=\"cdaf838\" data-element_type=\"widget\" data-e-type=\"widget\" data-settings=\"{&quot;_animation&quot;:&quot;fadeInRight&quot;}\" data-widget_type=\"text-editor.default\">\n\t\t\t\t<div class=\"elementor-widget-container\">\n\t\t\t\t\t\t\t\t\t<p><strong>Apr\u00e8s plus de 26 ans de pratiques \u00e9ducatives dans le domaine de l\u2019orientation scolaire et professionnelle, je me permets aujourd\u2019hui de partager avec vous, jeunes, parents et formateurs, la singularit\u00e9 de mon exp\u00e9rience.<\/strong><\/p><p><strong>En effet, je continue \u00e0 \u0153uvrer pour l\u2019\u00e9galit\u00e9 des chances \u00e0 l\u2019acc\u00e8s \u00e0 l\u2019information et \u00e0 la connaissance de soi, piliers incontournables \u00e0 l\u2019\u00e9laboration du projet personnel du jeune et de son \u00e9panouissement.<\/strong><\/p><p><strong>Aujourd\u2019hui, notre \u00e9tablissement, Orientation Carrefour, capitalise sur cette exp\u00e9rience dans le respect de la vision strat\u00e9gique de la r\u00e9forme 2015\/2030 \u00e9manant de la clairvoyance des discours royaux pour mettre en place une action \u00e9ducative en guise de contribution \u00e0 s\u2019inscrire dans la feuille de route initi\u00e9e par Sa Majest\u00e9.<\/strong><\/p>\t\t\t\t\t\t\t\t<\/div>\n\t\t\t\t<\/div>\n\t\t\t\t<div class=\"elementor-element elementor-element-a3986bd elementor-view-default elementor-widget elementor-widget-icon\" data-id=\"a3986bd\" data-element_type=\"widget\" data-e-type=\"widget\" data-widget_type=\"icon.default\">\n\t\t\t\t<div class=\"elementor-widget-container\">\n\t\t\t\t\t\t\t<div class=\"elementor-icon-wrapper\">\n\t\t\t<div class=\"elementor-icon\">\n\t\t\t<i aria-hidden=\"true\" class=\"fas fa-quote-right\"><\/i>\t\t\t<\/div>\n\t\t<\/div>\n\t\t\t\t\t\t<\/div>\n\t\t\t\t<\/div>\n\t\t\t\t\t<\/div>\n\t\t<\/div>\n\t\t\t\t\t<\/div>\n\t\t<\/section>\n\t\t\t\t<\/div>\n\t\t","protected":false},"excerpt":{"rendered":"<p>Mustapha FAIQ\u200b Directeur G\u00e9n\u00e9ral Apr\u00e8s plus de 26 ans de pratiques \u00e9ducatives dans le domaine de l\u2019orientation scolaire et professionnelle, je me permets aujourd\u2019hui de partager avec vous, jeunes, parents et formateurs, la singularit\u00e9 de mon exp\u00e9rience. En effet, je continue \u00e0 \u0153uvrer pour l\u2019\u00e9galit\u00e9 des chances \u00e0 l\u2019acc\u00e8s \u00e0 l\u2019information et \u00e0 la connaissance [&hellip;]<\/p>\n","protected":false},"author":3,"featured_media":0,"parent":0,"menu_order":0,"comment_status":"closed","ping_status":"closed","template":"","meta":{"site-sidebar-layout":"no-sidebar","site-content-layout":"page-builder","ast-site-content-layout":"","site-content-style":"default","site-sidebar-style":"default","ast-global-header-display":"","ast-banner-title-visibility":"","ast-main-header-display":"","ast-hfb-above-header-display":"","ast-hfb-below-header-display":"","ast-hfb-mobile-header-display":"","site-post-title":"disabled","ast-breadcrumbs-content":"","ast-featured-img":"disabled","footer-sml-layout":"","theme-transparent-header-meta":"","adv-header-id-meta":"","stick-header-meta":"","header-above-stick-meta":"","header-main-stick-meta":"","header-below-stick-meta":"","astra-migrate-meta-layouts":"default","ast-page-background-enabled":"default","ast-page-background-meta":{"desktop":{"background-color":"","background-image":"","background-repeat":"repeat","background-position":"center center","background-size":"auto","background-attachment":"scroll","background-type":"","background-media":"","overlay-type":"","overlay-color":"","overlay-opacity":"","overlay-gradient":""},"tablet":{"background-color":"","background-image":"","background-repeat":"repeat","background-position":"center center","background-size":"auto","background-attachment":"scroll","background-type":"","background-media":"","overlay-type":"","overlay-color":"","overlay-opacity":"","overlay-gradient":""},"mobile":{"background-color":"","background-image":"","background-repeat":"repeat","background-position":"center center","background-size":"auto","background-attachment":"scroll","background-type":"","background-media":"","overlay-type":"","overlay-color":"","overlay-opacity":"","overlay-gradient":""}},"ast-content-background-meta":{"desktop":{"background-color":"var(--ast-global-color-5)","background-image":"","background-repeat":"repeat","background-position":"center center","background-size":"auto","background-attachment":"scroll","background-type":"","background-media":"","overlay-type":"","overlay-color":"","overlay-opacity":"","overlay-gradient":""},"tablet":{"background-color":"var(--ast-global-color-5)","background-image":"","background-repeat":"repeat","background-position":"center center","background-size":"auto","background-attachment":"scroll","background-type":"","background-media":"","overlay-type":"","overlay-color":"","overlay-opacity":"","overlay-gradient":""},"mobile":{"background-color":"var(--ast-global-color-5)","background-image":"","background-repeat":"repeat","background-position":"center center","background-size":"auto","background-attachment":"scroll","background-type":"","background-media":"","overlay-type":"","overlay-color":"","overlay-opacity":"","overlay-gradient":""}},"footnotes":""},"class_list":["post-414","page","type-page","status-publish","hentry"],"_links":{"self":[{"href":"https:\/\/orientationcarrefour.ma\/index.php?rest_route=\/wp\/v2\/pages\/414","targetHints":{"allow":["GET"]}}],"collection":[{"href":"https:\/\/orientationcarrefour.ma\/index.php?rest_route=\/wp\/v2\/pages"}],"about":[{"href":"https:\/\/orientationcarrefour.ma\/index.php?rest_route=\/wp\/v2\/types\/page"}],"author":[{"embeddable":true,"href":"https:\/\/orientationcarrefour.ma\/index.php?rest_route=\/wp\/v2\/users\/3"}],"replies":[{"embeddable":true,"href":"https:\/\/orientationcarrefour.ma\/index.php?rest_route=%2Fwp%2Fv2%2Fcomments&post=414"}],"version-history":[{"count":85,"href":"https:\/\/orientationcarrefour.ma\/index.php?rest_route=\/wp\/v2\/pages\/414\/revisions"}],"predecessor-version":[{"id":1460,"href":"https:\/\/orientationcarrefour.ma\/index.php?rest_route=\/wp\/v2\/pages\/414\/revisions\/1460"}],"wp:attachment":[{"href":"https:\/\/orientationcarrefour.ma\/index.php?rest_route=%2Fwp%2Fv2%2Fmedia&parent=414"}],"curies":[{"name":"wp","href":"https:\/\/api.w.org\/{rel}","templated":true}]}}